{"id":2906,"date":"2020-10-25T14:44:03","date_gmt":"2020-10-25T14:44:03","guid":{"rendered":"https:\/\/www.astrowow.com\/blog\/?page_id=2906"},"modified":"2023-06-28T14:31:41","modified_gmt":"2023-06-28T13:31:41","slug":"genfodsel-for-usa","status":"publish","type":"page","link":"https:\/\/www.astrowow.com\/blog\/genfodsel-for-usa\/","title":{"rendered":"Genf\u00f8dsel for USA"},"content":{"rendered":"<p>USA har tabt anseelse over de sidste fire \u00e5r, og derfor kommer Pr\u00e6sident Donald Trump til at tabe det n\u00e6ste valg. Han vil k\u00e6mpe l\u00e6nge efter han burde have accepteret nederlaget, USA\u2019s gader vil v\u00e6re en slagmark, men i sidste ende forsvinder han. I 2021 begynder en ny \u00e6ra, og Trumps pr\u00e6sidentembede vil v\u00e6re forbi\u2026 men aldrig glemt. Trumps brand vil v\u00e6re toksisk og forsvinde fra hoteller, golfbaner og lignende. N\u00e5r transit Neptun kommer i kvadrat til hans Sol og form\u00f8rkede M\u00e5ne in 2021, vil der ikke v\u00e6re noget, han kan klamre sig til.<\/p>\n<p>Hans slogan \u2013 <em>Make America Great Again<\/em> (MAGA) \u2013 har resulteret i lige det modsatte. Nu skal man Make America <em>America<\/em> igen \u2013 det land, som repr\u00e6senterer h\u00e5b og inspiration for verdens undertrykte.<!--more-->I filmen <em>Django Unchained<\/em>, instrueret af Quentin Tarantino, tvinges en dus\u00f8rj\u00e6ger, mesterligt spillet af (James Bond skurke) Christof Waltz, til at give h\u00e5nd til den diabolske slaveejer, spillet af Leonardo DiCaprio. Men det kan han bare ikke f\u00e5 sig selv til. Han fremtryller en lille pistol, skyder DiCaprio i hjertet, og vender om til sin partner og siger, <em>\u201dBeklager \u2013 jeg kunne ikke lade v\u00e6re\u201d<\/em> \u2013 f\u00f8r han blev s\u00f8nderskudt af slaveejerens bodyguard.<\/p>\n<p>Se: <a href=\"https:\/\/www.youtube.com\/watch?v=68jAfiXmsUA\">https:\/\/www.youtube.com\/watch?v=68jAfiXmsUA<\/a><\/p>\n<p><strong>Bekr\u00e6ftelsesbias<br \/>\n<\/strong>Det er en almene regel, at astrologer skal v\u00e6re objektiv, n\u00e5r de analyserer horoskoper, selvom vedkommende er et uappetitligt individ. N\u00e5r man er subjektiv, fordrejer man analysen, og konklusioner p\u00e5virkes af bekr\u00e6ftelsesbias \u2013 tendensen til at filtrere det hele gennem sine egne synspunkter fremfor et n\u00f8gternt astrologisk synspunkt. Det er bekr\u00e6ftelsesbias, der fik mig til at forudsige en sejr for Hillary Clinton og ikke Donald Trump i 2016-valget, selvom der var mange tegn p\u00e5 en Trump sejr, s\u00e5som hans progressive Sol, som kom fra 10. hus og pr\u00e6cis p\u00e5 hans Ascendant, og hans progressive MC fra Krebs til 0 L\u00f8ve.<\/p>\n<p>Men, med et st\u00e6rkt greb p\u00e5 min pistol, glemmer jeg atter alt om bekr\u00e6ftelsesbias, fordi hvad ang\u00e5r Trump n\u00e6gter jeg at v\u00e6re objektiv. Her findes en autokrat motiveret af h\u00e6vn, som har organiseret sk\u00f8nhedskonkurrencer og invaderet pigernes omkl\u00e6dningsrum for at glo p\u00e5 dem, som praler af at befamle tilf\u00e6ldige kvinders meste intime steder, som boltrer sig med prostituerede mens sin trof\u00e6kone er gravid. Han har systematisk fjernet kvalificeret folk fra Administrationen og erstattet dem med sykofanter uden erfaring. Han roser autokrater som Putin, Erdogan, Kim Jong Un og Xi Jinping, mens han bagtaler og nedv\u00e6rdiger politikere, som har integritet.<\/p>\n<p style=\"text-align: center;\"><img loading=\"lazy\" decoding=\"async\" class=\"alignnone size-full wp-image-2872 aligncenter\" src=\"https:\/\/www.astrowow.com\/blog\/wp-content\/uploads\/2020\/08\/Donald-Trump-2.jpg\" alt=\"Donald Trump horoscope\" width=\"500\" height=\"490\" srcset=\"https:\/\/www.astrowow.com\/blog\/wp-content\/uploads\/2020\/08\/Donald-Trump-2.jpg 500w, https:\/\/www.astrowow.com\/blog\/wp-content\/uploads\/2020\/08\/Donald-Trump-2-300x294.jpg 300w\" sizes=\"(max-width: 500px) 100vw, 500px\" \/><br \/>\n<em>Donald Trump: 14th June 1946. 10.54 Jamaica. NY<br \/>\nNote Pluto at midpoint of Saturn\/Mars \u2013 a signature for autocrats.<\/em><\/p>\n<p>Og n\u00e5r man eksponerer Trumps nedrige handlinger, sikrer han, at man skal betale en h\u00f8j pris. Utallige folk, som ikke deler Trumps synspunkter er blevet fyret, flyttet eller tweetet ihjel. Ingen er immun \u2013 om det er Amazons leder Jef Bezos (som ejer den Trump-kritiske <em>Washington Post<\/em>) eller Mitt Romney (den eneste Republikaner, som stemt mod Trump i rigsretssagen).<\/p>\n<p><strong>Mord p\u00e5 ord<br \/>\n<\/strong>Men denne katastrofale pr\u00e6sidents mest alvorlige forseelse er hans frontalangreb p\u00e5 mening. Det stammer fra Merkur, som hersker over hans Sol-Uranus konjunktion i Tvilling, i kvadrat til Neptun, som befinder sig p\u00e5 fiksstjernen <em>Vindemiatrix<\/em> \u2013 enke-stjernen. At \u00f8del\u00e6gge mening er det centrale redskab for autokrater og diktatorer. Ordet \u201dvalg\u201d i Rusland for eksempel betyder ikke et <em>valg<\/em>, som vi forst\u00e5r. Det er et n\u00f8je tilrettelagt system for at konsolidere en autokratisk leder, som \u201d80%\u201d af befolkningen stemmer for. Derfor betyder ordet ingen ting. Det siges, at n\u00e5r russere udtaler ordet \u201ddemokrati\u201d, er det med en kynisk smil p\u00e5 l\u00e6berne. I USA i dag, ved halvdelen af befolkningen ikke hvad en \u201dfakta\u201d er, selvom en fakta kan bevises per definition. De ved ikke, om nyheder er falske eller sande, eller hvordan man kan se forskellen. Det er takket v\u00e6re Trump. N\u00e5r Trump lyver \u2013 som han g\u00f8r adskillige gang dagligt \u2013 er det en power-l\u00f8gn. Hvis du v\u00e6lger at tro p\u00e5 ham, er du medlem af hans magtbase, og du er slet ikke interesseret i nogen form for objektiv sandhed. Og n\u00e5r Trump anklager nogen for noget, er det fordi han g\u00f8r det selv. Alt er projektion.<\/p>\n<p>Problemet er, at amerikanske v\u00e6lgere har placeret en narcissist i det Hvide Hus \u2013 en mand, som f\u00e5r alt til at handle om sig selv i stedet for at handle om USA. Han kan ikke \u00e6ndre sig; han kan ikke kureres. Fire \u00e5r mere med Trump vil skade USA og verden langt inde i fremtiden.<\/p>\n<p>Kan man s\u00e5 v\u00e6re objektiv? Det g\u00e6lder ikke om at normalisere Trump-f\u00e6nomenet men at tage <em>moralsk<\/em> afstand.<\/p>\n<p><strong>Joe Biden<br \/>\n<\/strong>Op imod Trump i november 2020 er Joe Biden, som fylder 78. I en tidligere artikel affejede jeg Bidens chancer for at v\u00e6re den Demokratiske kandidat, fordi transit Neptun er p\u00e5 hans IC og opposition MC i 2020. Derfor mente jeg han burde g\u00e5 p\u00e5 pension og tage ud og fiske, da Neptun har en tendens til at opl\u00f8se ambiti\u00f8se projekter. Men det var f\u00f8r COVID 19 gjorde sit indtog, f\u00f8r der var flere millioner nye arbejdsl\u00f8se, og f\u00f8r 120.000 amerikanere d\u00f8de i pandemien. Op til valget er Biden tvunget til at blive hjem og v\u00e6re vidne til et land i opl\u00f8sning. Det er ogs\u00e5 en af Neptuns virkninger.<\/p>\n<p>Biden er Skorpion, med Mars, Merkur og Venus i Skorpion \u2013 en magtfuld og intens kombination. Han er st\u00e6rk og kan sagtens h\u00e5ndtere magt. Der har v\u00e6ret rygter om for intimt omgang med kvinder, som sandsynligvis er sande med Sol-Venus konjunktionen og Mars i 12. hus i kvadrat Pluto. Der er nogle velbegravede hemmeligheder der.<\/p>\n<p><img loading=\"lazy\" decoding=\"async\" class=\"size-full wp-image-2873 aligncenter\" src=\"https:\/\/www.astrowow.com\/blog\/wp-content\/uploads\/2020\/08\/Joe-Biden.jpg\" alt=\"Joe Biden horoscope\" width=\"500\" height=\"497\" srcset=\"https:\/\/www.astrowow.com\/blog\/wp-content\/uploads\/2020\/08\/Joe-Biden.jpg 500w, https:\/\/www.astrowow.com\/blog\/wp-content\/uploads\/2020\/08\/Joe-Biden-150x150.jpg 150w, https:\/\/www.astrowow.com\/blog\/wp-content\/uploads\/2020\/08\/Joe-Biden-300x298.jpg 300w\" sizes=\"(max-width: 500px) 100vw, 500px\" \/><\/p>\n<p style=\"text-align: center;\"><em>Joe Biden. November 20th 1942. 8.30 a.m. Scranton, PA. AS 3.11 SG<\/em><\/p>\n<p><strong>Sorg som superpower<br \/>\n<\/strong>Disse Skorpion-planeter I 12. hus fort\u00e6ller om de tragedier, som Biden har oplevet livet igennem. I 1972 d\u00f8de hans kone og baby datter i et biluheld, da progressiv Mars kom p\u00e5 hans Ascendant. I 2015 d\u00f8de den ene af hans s\u00f8nner af en hjernesvulst, da progressiv Sol kom i kvadrat til Mars. Nyhedsportalen <em>Politico<\/em> skrev at <em>sorg<\/em> er den super power, som driver Biden. (Note 1) \u2013 en utrolig pr\u00e6cis bem\u00e6rkning, n\u00e5r man ser p\u00e5 trigonen mellem hans Ascendanthersker Jupiter, forh\u00f8jet i Krebs og i 8. hus i trigon til Sol-Venus konjunktion i 12. hus. I kontrast til Trump, som ikke har begreb om empati, har Biden en medf\u00f8dt evne til at vise empati. Efter <em>Sandy Hook<\/em> massakren p\u00e5 skoleb\u00f8rn brugt han timer p\u00e5 at snakke med de st\u00e6rkt medtaget for\u00e6ldre \u2013 han forstod hvordan de havde det.<\/p>\n<p><strong>Vice Pr\u00e6sidenten<br \/>\n<\/strong>Jo Biden var Obamas vicepr\u00e6sident i 8 \u00e5r, og de var glade for hinanden, m\u00e5ske fordi Obamas M\u00e5ne var pr\u00e6cist p\u00e5 Bidens Descendant. P\u00e5 et eller andet tidspunkt i 2020 vil Biden v\u00e6lge sin egne kvindelige vicepr\u00e6sidentkandidat, og man kan ogs\u00e5 forvente en person, som har lignende synastri med hende. Amy Klobuchar har ogs\u00e5 Solen og M\u00e5nen pr\u00e6cist p\u00e5 Bidens Descendant, og det g\u00f8r hende til en meget st\u00e6rk kandidat til posten; hun vil kunne tiltr\u00e6kke v\u00e6lgere fra USA\u2019s Midtvest. (Note 2) Hun er dog ikke s\u00e6rlig popul\u00e6r blandt sorte og Latino v\u00e6lgere, som helst s\u00e5 en sort kandidat som Kamala Harris i jobbet. (Note 3)<\/p>\n<p>Klobuchar har et st\u00e6rkt horoskop, med Merkur, Venus, Mars og Saturn i eget tegn. N\u00e6ste \u00e5r f\u00e5r hun Saturn-Jupiter konjunktionen p\u00e5 sin Vandb\u00e6rer Ascendant, og derfor er der gode muligheder for en betydningsfuld forandring i hendes rolle og livsstil.<\/p>\n<p><strong>Slaget<br \/>\n<\/strong>Men kan Biden sl\u00e5 Trump? Han kan helt klart h\u00e5ndtere Trump og er langt mere f\u00f8lelsesm\u00e6ssigt st\u00e6rk. Trump kan ikke dominere en Skorpion med Mars kvadrat Pluto \u2013 selvom han ynder at kalde ham <em>Sleepy Joe<\/em>.\u00a0 Trump har Mars i L\u00f8ven p\u00e5 Ascendanten \u2013 hans b\u00f8lle-signatur \u2013 og den er kvadrat Bidens Sol, men p\u00e5 slagmarken er Solen st\u00e6rkere. Biden har sin eksalteret Jupiter p\u00e5 Trumps Saturn i eksil i Krebs, og derfor vinder han points p\u00e5 popularitet. Men de er ikke faktorer, som er afg\u00f8rende ved valget.<\/p>\n<p>Transitter er indflydelser, som kommer og g\u00e5r, og ofte er de heller ikke s\u00e6rlig p\u00e5lidelige, n\u00e5r man sk\u00e1l regne ud hvem, der vinder et valg. Hvis en politiker tilpasser sig, ja, selv de sv\u00e6reste transitter kan f\u00f8re dem til destinationen. Alligevel, hj\u00e6lper det ikke Trump at Saturn, Jupiter og Pluto er i opposition til hans Venus-Saturn konjunktion op til valget, specielt hvis han \u00f8nsker kvinder p\u00e5 sin side. (Flere kvinder stemt for Trump end for Hillary Clinton ved det sidste valg.) Disse transitter vil sandsynligvis blotl\u00e6gge kompromitterende information ang\u00e5ende Trumps misogyni og skattesager.<\/p>\n<p>Udover Neptuns transit over Bidens IC, som indikerer en dybg\u00e5ende omkalibrering af hans familie- og professionelle liv, er Pluto i opposition til Bidens Ascendanthersker Jupiter gennem 2020 og 2021. Da Jupiter danner en trigon til hans Sol-Venus, kan man forvente en positive forvandling af en eller anden art. Uranus aktiverer hans Mars-Pluto kvadrat i den samme periode, hvilket viser st\u00f8re faremomenter \u2013 og mange sikkerhedsfolk. Hvis Biden tabt, vil han ikke v\u00e6re i fare; vinder han er han et potentielt m\u00e5l. 2020 er pr\u00e6get af tre kvadrater fra Saturn i Vandb\u00e6rer til hans M\u00e5ne i Tyr, hvilket plejer ikke at v\u00e6re s\u00e6rlig begunstigende hvad ang\u00e5r popularitet, men det viser ogs\u00e5 helt klart begr\u00e6nsninger for\u00e5rsaget af pandemien, hvor han ikke kan forlade hjemmet. Jupiter-Saturn konjunktionen\u00a0 den 21. december 2020 er i pr\u00e6cis kvadrat til hans M\u00e5ne, derfor sker der noget ret vigtigt p\u00e5 det tidspunkt.<\/p>\n<p><strong>Progressionerne<br \/>\n<\/strong>Det er progressionerne, som er virkelig fascinerende. Trump forlader en rigtig god periode med sin progressive Venus i konjunktion med Jupiter i V\u00e6gt (2018) og hans progressive Sol p\u00e5 Ascendanten og Regulus (2016).<\/p>\n<p>Biden, p\u00e5 den anden side, er p\u00e5 vej ind i en utrolig serie progressioner. En n\u00f8gle-progression er hans progressive IC pr\u00e6cist p\u00e5 Saturn 9.57 i 2021. Det er her at fiksstjernen <em>Aldebaran<\/em> befinder sig \u2013 en af Persiens fire kongelige stjerner. Den stjerne forveksles tit med Mars, fordi det er stor og r\u00f8d, og den er forbundet med vold, uro og \u00e6re. Det er klart, at denne progression markerer et vigtigt \u00f8jeblik i Bidens liv. M\u00e5ske bliver Saturn den forhindring, der standser Bidens karriere. Men m\u00e5ske flytter han i en ansvarsrolle i det Hvide Hus.<\/p>\n<p>En anden progression er Venus, som er 6 grader Fisk og i kvadrat til hans progressive Saturn. (Den kommer i kvadrat til radix Saturn i 2023-24). Ved valget er progressiv M\u00e5ne i konjunktion med Venus prog. og kvadrat Saturn prog. Igen, det er ikke ligefrem befordrende for popularitet, men m\u00e5ske, n\u00e5r man er 78 \u00e5r gammel, er der mange bekymringer med helbredet eller frustrationer med Kongressen. (Venus hersker over 11. og 6. huse.)<\/p>\n<p>N\u00e5r man ser p\u00e5 alle disse transitter og progressioner, som involverer Saturn, virker det som om m\u00f8rke skyer fylder himlen, men der er en resterende faktor, som kan v\u00e6re afg\u00f8rende for Biden.<\/p>\n<p><strong>Livets store mulighed<br \/>\n<\/strong>Hvis man kigger p\u00e5 Merkur i Bidens horoskop, bev\u00e6ger den sig progressivt fra 21 Skorpion til 10 Vandb\u00e6rer, hvor den g\u00e5r retrograd. Det betyder, at den kommer i opposition til Pluto i 1992, (det var p\u00e5 det tidspunkt Tara Reade anklagede ham for seksuelt overgreb) og igen in 2005 \u2013 en tid hvor han st\u00f8ttede kreditkort selskaber, og kom i karambolage med Elizabeth Warren, som var p\u00e5 forbrugernes side. Ikke s\u00e6rlig godt for Bidens ry \u2013 og det indr\u00f8mmer han.<\/p>\n<p style=\"text-align: left;\">Ved valget den 3. november 2020, er Merkur progressiv p\u00e5 24.57 Stenbuk. S\u00e5 sker der noget utroligt. I adskillige \u00e5r er Merkur station\u00e6r i det progressive horoskop \u2013 i pr\u00e6cis opposition til hans forh\u00f8jede Jupiter p\u00e5 25.06 Krebs, hvilket tilf\u00e6ldigvis falder p\u00e5 USA\u2019s Merkur (24.11 Krebs). Hvad har Merkur gang i her? Den absorberer Jupiters energi i hele fire \u00e5r, f\u00f8r den bev\u00e6ger sig videre. I trigon til hans Sol-Venus konjunktion. Hvordan kan det v\u00e6re andet end storartet? Og storartet for USA, som har en Merkur-Pluto opposition, hvor Pluto efter 248 \u00e5r kommer tilbage til sin udgangsposition, og markerer en forvandling af landet.<\/p>\n<p><img loading=\"lazy\" decoding=\"async\" class=\"alignnone size-full wp-image-2827 aligncenter\" src=\"https:\/\/www.astrowow.com\/blog\/wp-content\/uploads\/2019\/10\/2020Election.png\" alt=\"2020 US Election\" width=\"500\" height=\"497\" srcset=\"https:\/\/www.astrowow.com\/blog\/wp-content\/uploads\/2019\/10\/2020Election.png 500w, https:\/\/www.astrowow.com\/blog\/wp-content\/uploads\/2019\/10\/2020Election-150x150.png 150w, https:\/\/www.astrowow.com\/blog\/wp-content\/uploads\/2019\/10\/2020Election-300x298.png 300w\" sizes=\"(max-width: 500px) 100vw, 500px\" \/><br \/>\n<em>US Election. 3rd November 2020. 7.00 am. Washington DC<\/em><\/p>\n<p><strong>Hvordan man overlever 2020<br \/>\n<\/strong>Men Trump vil pr\u00f8ve at bibehold magten. Han har ingen skrupler og vil g\u00f8re alt hvad han evner for undg\u00e5 et nederlag. N\u00e5r Mars kommer i V\u00e6dderens tegn, danner den en kvadrat til Jupiter, Pluto og til sidst Saturn i den sidste halvdel af august. Derefter bev\u00e6ger den sig retrograd p\u00e5 28 V\u00e6dder den 9. september i kvadrat til Saturn og efterf\u00f8lgende Pluto og Jupiter tidligt i oktober. S\u00e5 bev\u00e6ger den sig direkte p\u00e5 15 V\u00e6dder to uger efter valget, og danner en kvadrat til Pluto, og til Saturn og Jupiter et par uger inden Inds\u00e6ttelsen, hvor begge planeter nu er i Vandb\u00e6rer.<\/p>\n<p>N\u00e5r en autokrat som Trump presses i et hj\u00f8rne, s\u00e5 kan alt ske. Han kan forhindre minoriteter i at stemme. Hvis han taber med en lille margen, kan han udfordre resultatet ved at appellere til hans base eller f\u00e5 h\u00f8jesteretten, som han allerede har stor indflydelse p\u00e5, til at omst\u00f8de det. Hvis der er uroligheder inden eller efter valget, vil det v\u00e6re til hans fordel \u2013 han har allerede fors\u00f8gt at f\u00e5 milit\u00e6ret p\u00e5 gaden i forbindelse med Black Lives Matter urolighederne. Eller han kan fremtrylle en international krise.<\/p>\n<p>Der vil v\u00e6re uroligheder op til valget, ikke mindst fordi Merkur g\u00e5r retrograd i opposition til Uranus midt i oktober, og valget afholdes med Solen i opposition til Uranus \u2013 for f\u00f8rste gang siden 1936. P\u00e5 selve valgdagen bev\u00e6ger Merkur sig station\u00e6r direkte i V\u00e6gt i pr\u00e6cis kvadrat til Saturn. Mon ikke retf\u00e6rdighedens dom bliver afsagt denne dag.<\/p>\n<p>Med de gentagende konflikter mellem en aggressiv Mars i V\u00e6dder til stellium i Stenbukken, bliver vi vidner til det afg\u00f8rende slag for autokrater \u2013 og ikke kun i USA. Verden bliver et farligt sted fra august til december. Hvis det ikke var, at Jupiter og Saturn kommer samtidigt p\u00e5 0 grader Vandb\u00e6rer lige ved vintersolhverv, hvor lyset begynder at vokse, vil vi m\u00e5ske v\u00e6re vidner til fire \u00e5r mere med Trump, og m\u00e5ske en autorit\u00e6r dynasti med hans korrupte familie. Men denne monumentale konjunktion \u2013 den f\u00f8rste i Vandb\u00e6rer i 800 \u00e5r \u2013 markerer en ny \u00e6ra. Pandemien vil have v\u00e6ret instrumental i en forandring af det sociale, \u00f8konomiske og politiske v\u00e6v i samfundet, n\u00e5r alt andet svigtede.<\/p>\n<p>Hvis og n\u00e5r Trump taber i november, eller efter et par opg\u00f8r i december, s\u00e5 vil der v\u00e6re mange som \u00e5bner champagneflasken. Men hvis han vinder, s\u00e5 vil jeg forsl\u00e5 de anvender Trumps anbefalede remedie for COVID 19 \u2013 klor. Det tror jeg ikke, de vil have noget imod.<\/p>\n<p><em>Adrian Ross Duncan<br \/>\n18th June 2020<\/em><\/p>\n<ol>\n<li><a href=\"https:\/\/www.politico.com\/magazine\/story\/2019\/01\/25\/joe-biden-2019-profile-grief-beau-car-accident-224178\" rel=\"nofollow\">https:\/\/www.politico.com\/magazine\/story\/2019\/01\/25\/joe-biden-2019-profile-grief-beau-car-accident-224178<\/a><\/li>\n<li>Amy Klobuchar: 25th May 1960, 0.55 St. Louis Park, Minnesota<\/li>\n<li>Kamala Harris is born on October 20th 1964, but with her Saturn right on USA\u2019s Moon she is unlikely to strike a chord with the USA electorate.<\/li>\n<\/ol>\n<p>&nbsp;<\/p>\n<p>&nbsp;<\/p>\n<p>&nbsp;<\/p>\n","protected":false},"excerpt":{"rendered":"<p>USA har tabt anseelse over de sidste fire \u00e5r, og derfor kommer Pr\u00e6sident Donald Trump til at tabe det n\u00e6ste valg. Han vil k\u00e6mpe l\u00e6nge efter han burde have accepteret nederlaget, USA\u2019s gader vil v\u00e6re en slagmark, men i sidste ende forsvinder han. I 2021 begynder en ny \u00e6ra, og Trumps pr\u00e6sidentembede vil v\u00e6re forbi\u2026 [&hellip;]<\/p>\n","protected":false},"author":7,"featured_media":0,"parent":0,"menu_order":0,"comment_status":"closed","ping_status":"closed","template":"","meta":{"_et_pb_use_builder":"","_et_pb_old_content":"","_et_gb_content_width":"","footnotes":""},"class_list":["post-2906","page","type-page","status-publish","hentry"],"_links":{"self":[{"href":"https:\/\/www.astrowow.com\/blog\/wp-json\/wp\/v2\/pages\/2906","targetHints":{"allow":["GET"]}}],"collection":[{"href":"https:\/\/www.astrowow.com\/blog\/wp-json\/wp\/v2\/pages"}],"about":[{"href":"https:\/\/www.astrowow.com\/blog\/wp-json\/wp\/v2\/types\/page"}],"author":[{"embeddable":true,"href":"https:\/\/www.astrowow.com\/blog\/wp-json\/wp\/v2\/users\/7"}],"replies":[{"embeddable":true,"href":"https:\/\/www.astrowow.com\/blog\/wp-json\/wp\/v2\/comments?post=2906"}],"version-history":[{"count":8,"href":"https:\/\/www.astrowow.com\/blog\/wp-json\/wp\/v2\/pages\/2906\/revisions"}],"predecessor-version":[{"id":3329,"href":"https:\/\/www.astrowow.com\/blog\/wp-json\/wp\/v2\/pages\/2906\/revisions\/3329"}],"wp:attachment":[{"href":"https:\/\/www.astrowow.com\/blog\/wp-json\/wp\/v2\/media?parent=2906"}],"curies":[{"name":"wp","href":"https:\/\/api.w.org\/{rel}","templated":true}]}}